{"id":47,"date":"2020-02-03T23:28:47","date_gmt":"2020-02-03T23:28:47","guid":{"rendered":"http:\/\/thomashahnentertainment.de\/?page_id=47"},"modified":"2022-10-19T18:56:29","modified_gmt":"2022-10-19T18:56:29","slug":"thomas-hahn","status":"publish","type":"page","link":"http:\/\/thomashahnentertainment.de\/?page_id=47","title":{"rendered":"THOMAS HAHN"},"content":{"rendered":"\n<p>Tats\u00e4chlich darf ich auch diesen S\u00e4nger f\u00fcr Auftritte vermitteln. Denn auch wenn ich inzwischen immer \u00f6fter den Agentur-Part \u00fcbernehme, stehe ich weiterhin mit voller Leidenschaft und Energie auf der B\u00fchne!<\/p>\n\n\n\n<p>Los ging diese Leidenschaft ganz klassisch: Kinderchor &amp; Jugendchor in der Gemeinde, Schulchor und dann ein etwas gr\u00f6\u00dferer Jugendchor meiner Heimatstadt K\u00f6ln, in dem ich als Solist die ersten Erfahrungen auf den gro\u00dfen B\u00fchnen sammeln durfte: K\u00f6lnarena, K\u00f6lner Oper, K\u00f6lner Stadion, TV-Aufzeichnungen &#8230; Eine gute Schule!<\/p>\n\n\n\n<p>Mit Beginn meines Studiums an der Hochschule f\u00fcr Musik und Tanz K\u00f6ln (Hauptfach Popgesang) begann f\u00fcr mich die professionelle Arbeit als S\u00e4nger. So wurde ich 2005 Teil eines acappella-Ensembles und tourte u.a. durch Mittelamerika, sang in diversen Cover-\/Galabands und begann auch damit, eigene Songs zu schreiben. 2007 durfte ich meinen ersten Plattenvertrag als Solo-K\u00fcnstler unterschreiben. 2008 erschienen Deb\u00fct-Single und -Album mit deutschsprachigen Popsongs. Dazu gab es ein Musikvideo, eine Tour und TV-Auftritte. Trotzdem wollte ich eigentlich lieber Teil einer Band sein und die Dinge mit den Bandkollegen selber in die Hand nehmen. So trennte ich mich nach zwei Jahren von der Plattenfirma und gr\u00fcndete die Band <em>klar!<\/em>, mit der wir 2012 eine CD komplett in Eigenregie aufnahmen und ver\u00f6ffentlichten sowie im Vorprogramm von <em>Revolverheld<\/em> auftraten.<\/p>\n\n\n\n<p>Neben den Auftritten mit eigenen Songs habe ich immer (und immer mehr) Shows mit zahlreichen anderen Coverbands gespielt, durfte meine Stimme an Werbespots verleihen und Pop-Klassik-Crossover Konzerte mit Sinfonie-Orchester auf die B\u00fchne bringen.<\/p>\n\n\n\n<p>Heute bin ich als S\u00e4nger sowohl im kleineren Rahmen (<strong>Trauungen<\/strong>, <strong>Privatfeiern<\/strong>) als auch auf gro\u00dfen <strong>Events<\/strong> unterwegs. Und das in den unterschiedlichsten Formationen: <strong>Solo<\/strong>, <strong>mit Livebands, mit DJ<\/strong>, &#8230;<\/p>\n\n\n\n<p>Alle Live-Termine und weitere Infos zu meinen aktuellen Projekten gibt&#8217;s auf meiner S\u00e4nger-Webseite:<br><a rel=\"noreferrer noopener\" aria-label=\"www.thomashahnsingt.de (\u00f6ffnet in neuem Tab)\" href=\"https:\/\/www.thomashahnsingt.de\" target=\"_blank\">ww<\/a><a href=\"http:\/\/www.thomashahnsingt.de\" target=\"_blank\" rel=\"noreferrer noopener\" aria-label=\"w.thomashahnsingt.de (\u00f6ffnet in neuem Tab)\">w.thomashahnsingt.de<\/a><\/p>\n\n\n\n<p><\/p>\n","protected":false},"excerpt":{"rendered":"<p>Tats\u00e4chlich darf ich auch diesen S\u00e4nger f\u00fcr Auftritte vermitteln. Denn auch wenn ich inzwischen immer \u00f6fter den Agentur-Part \u00fcbernehme, stehe ich weiterhin mit voller Leidenschaft und Energie auf der B\u00fchne! Los ging diese Leidenschaft ganz klassisch: Kinderchor &amp; Jugendchor in<\/p>\n","protected":false},"author":1,"featured_media":0,"parent":25,"menu_order":0,"comment_status":"closed","ping_status":"closed","template":"","meta":[],"_links":{"self":[{"href":"http:\/\/thomashahnentertainment.de\/index.php?rest_route=\/wp\/v2\/pages\/47"}],"collection":[{"href":"http:\/\/thomashahnentertainment.de\/index.php?rest_route=\/wp\/v2\/pages"}],"about":[{"href":"http:\/\/thomashahnentertainment.de\/index.php?rest_route=\/wp\/v2\/types\/page"}],"author":[{"embeddable":true,"href":"http:\/\/thomashahnentertainment.de\/index.php?rest_route=\/wp\/v2\/users\/1"}],"replies":[{"embeddable":true,"href":"http:\/\/thomashahnentertainment.de\/index.php?rest_route=%2Fwp%2Fv2%2Fcomments&post=47"}],"version-history":[{"count":6,"href":"http:\/\/thomashahnentertainment.de\/index.php?rest_route=\/wp\/v2\/pages\/47\/revisions"}],"predecessor-version":[{"id":193,"href":"http:\/\/thomashahnentertainment.de\/index.php?rest_route=\/wp\/v2\/pages\/47\/revisions\/193"}],"up":[{"embeddable":true,"href":"http:\/\/thomashahnentertainment.de\/index.php?rest_route=\/wp\/v2\/pages\/25"}],"wp:attachment":[{"href":"http:\/\/thomashahnentertainment.de\/index.php?rest_route=%2Fwp%2Fv2%2Fmedia&parent=47"}],"curies":[{"name":"wp","href":"https:\/\/api.w.org\/{rel}","templated":true}]}}