{"id":23,"date":"2020-02-03T23:27:10","date_gmt":"2020-02-03T23:27:10","guid":{"rendered":"http:\/\/thomashahnentertainment.de\/?page_id=23"},"modified":"2023-09-19T08:40:54","modified_gmt":"2023-09-19T08:40:54","slug":"agentur","status":"publish","type":"page","link":"http:\/\/thomashahnentertainment.de\/?page_id=23","title":{"rendered":"AGENTUR"},"content":{"rendered":"\n<p>Seit meinem 16. Lebensjahr stand und stehe ich als S\u00e4nger auf der B\u00fchne. In diversen Formationen habe ich dabei die Organisation der Projekte \u00fcbernommen, mich also um das Booking und die Logistik rund um die Auftritte gek\u00fcmmert.<\/p>\n\n\n\n<p>&#8222;Wow, wie kann man als Musiker so organisiert sein!?&#8220; &#8211; Nicht selten habe ich diese \u00fcberraschte \u00c4u\u00dferung von Veranstalterseite zu h\u00f6ren bekommen. Und sie als Kompliment aufgefasst! Was aber auf den ersten Blick wohl etwas untypisch f\u00fcr einen kreativen K\u00fcnstler aussehen mag, liegt eigentlich doch nicht so fern. Zum Einen, weil auch die Organisation und Logistik von Bands (mit manchmal auch nicht nur top-organisierten Musikern) mitunter eine gewisse Kreativit\u00e4t erfordert, zum Anderen, weil ich damit die Projekte stets gut vorantreiben konnte und somit ja auch daf\u00fcr sorgen durfte, dass man m\u00f6glichst viel auf der B\u00fchne steht.<\/p>\n\n\n\n<p>Die eigene Event- und Booking-Agentur vereint nun meine beiden Leidenschaften in einer Aufgabe: Mit der Kreativit\u00e4t des K\u00fcnstlers und Musikers und dem Organisationstalent des jahrelangen Bookers und Logistikers freue ich mich jeden Tag aufs Neue, Show- und Entertainment-Konzepte zu entwerfen und zu verwirklichen und mich mit meiner ganzen Energie daf\u00fcr einzusetzen, diese m\u00f6glichst h\u00e4ufig auf die B\u00fchne zu bringen. Dabei beschr\u00e4nkt sich mein T\u00e4tigkeitsfeld nicht &#8222;nur&#8220; auf die Musik, sondern auf den kompletten Bereich des Entertainments f\u00fcr die Veranstaltungen meiner Kund:innen.<\/p>\n\n\n\n<p><strong>THE M<\/strong> als Kurzname der Agentur ist sowohl Abk\u00fcrzung (<strong>T<\/strong>homas <strong>H<\/strong>ahn <strong>E<\/strong>ntertainment and <strong>M<\/strong>usic) als auch Grundidee: Es geht um &#8222;them&#8220; \/ die anderen, die Kund:innen <span style=\"text-decoration: underline;\">und<\/span> die K\u00fcnstler:innen, darum es ihnen so angenehm und so erfolgreich wie m\u00f6glich zu machen. Die W\u00fcnsche und Ideen meiner Kund:innen sind mir ebenso Antrieb wie die der K\u00fcnstler:innen, die ich vermitteln und begleiten darf. Schlie\u00dflich kenne ich beide Sichtweisen aus eigener Erfahrung. So mache ich mich <em>f\u00fcr<\/em> Sie und <em>mit Ihnen gemeinsam<\/em> auf den Weg zu au\u00dfergew\u00f6hnlichen Events und unvergesslichen Momenten f\u00fcr Sie und Ihre G\u00e4ste ebenso wie f\u00fcr die K\u00fcnstler:innen, die ich Ihnen vermitteln darf! Ich freue mich drauf!!<\/p>\n","protected":false},"excerpt":{"rendered":"<p>Seit meinem 16. Lebensjahr stand und stehe ich als S\u00e4nger auf der B\u00fchne. In diversen Formationen habe ich dabei die Organisation der Projekte \u00fcbernommen, mich also um das Booking und die Logistik rund um die Auftritte gek\u00fcmmert. &#8222;Wow, wie kann<\/p>\n","protected":false},"author":1,"featured_media":0,"parent":0,"menu_order":0,"comment_status":"closed","ping_status":"closed","template":"","meta":[],"_links":{"self":[{"href":"http:\/\/thomashahnentertainment.de\/index.php?rest_route=\/wp\/v2\/pages\/23"}],"collection":[{"href":"http:\/\/thomashahnentertainment.de\/index.php?rest_route=\/wp\/v2\/pages"}],"about":[{"href":"http:\/\/thomashahnentertainment.de\/index.php?rest_route=\/wp\/v2\/types\/page"}],"author":[{"embeddable":true,"href":"http:\/\/thomashahnentertainment.de\/index.php?rest_route=\/wp\/v2\/users\/1"}],"replies":[{"embeddable":true,"href":"http:\/\/thomashahnentertainment.de\/index.php?rest_route=%2Fwp%2Fv2%2Fcomments&post=23"}],"version-history":[{"count":8,"href":"http:\/\/thomashahnentertainment.de\/index.php?rest_route=\/wp\/v2\/pages\/23\/revisions"}],"predecessor-version":[{"id":202,"href":"http:\/\/thomashahnentertainment.de\/index.php?rest_route=\/wp\/v2\/pages\/23\/revisions\/202"}],"wp:attachment":[{"href":"http:\/\/thomashahnentertainment.de\/index.php?rest_route=%2Fwp%2Fv2%2Fmedia&parent=23"}],"curies":[{"name":"wp","href":"https:\/\/api.w.org\/{rel}","templated":true}]}}