{"id":156,"date":"2022-10-19T14:28:25","date_gmt":"2022-10-19T14:28:25","guid":{"rendered":"http:\/\/thomashahnentertainment.de\/?page_id=156"},"modified":"2023-09-19T08:39:39","modified_gmt":"2023-09-19T08:39:39","slug":"foa-gotha","status":"publish","type":"page","link":"http:\/\/thomashahnentertainment.de\/?page_id=156","title":{"rendered":"FRIEDENSTEIN OPEN AIR"},"content":{"rendered":"\n<p>Beim &#8222;FRIEDENSTEIN OPEN AIR&#8220; in Gotha unterst\u00fctze ich die Veranstalter vor Ort bei der Akquise von K\u00fcnstler:innen f\u00fcr diverse Veranstaltungsformate (mit Schwerpunkt im Bereich Rock\/Pop und Comedy) und bei der Organisation und Durchf\u00fchrung des mehrw\u00f6chigen OpenAir-Festivals. Eine gro\u00dfartige Aufgabe, eine spannende Herausforderung und ein grandioser Spa\u00df!<\/p>\n\n\n\n<figure class=\"wp-block-image size-large\"><img decoding=\"async\" loading=\"lazy\" width=\"960\" height=\"640\" src=\"http:\/\/thomashahnentertainment.de\/wp-content\/uploads\/2022\/10\/FriedensteinOpenAir03.jpg\" alt=\"\" class=\"wp-image-177\" srcset=\"http:\/\/thomashahnentertainment.de\/wp-content\/uploads\/2022\/10\/FriedensteinOpenAir03.jpg 960w, http:\/\/thomashahnentertainment.de\/wp-content\/uploads\/2022\/10\/FriedensteinOpenAir03-300x200.jpg 300w, http:\/\/thomashahnentertainment.de\/wp-content\/uploads\/2022\/10\/FriedensteinOpenAir03-768x512.jpg 768w\" sizes=\"(max-width: 960px) 100vw, 960px\" \/><figcaption class=\"wp-element-caption\">Das &#8222;FRIEDENSTEIN OPEN AIR&#8220; in Gotha 2022.<br><em>(Bild: Th\u00fcringen Philharmonie Gotha-Eisenach)<\/em><\/figcaption><\/figure>\n\n\n\n<p>Das OpenAir-Festival &#8222;FRIEDENSTEIN OPEN AIR&#8220; in Gotha ist als Musik- und Kultur-Event im Herzen Th\u00fcringens Anziehungspunkt f\u00fcr Musik- und Kulturbegeisterte s\u00e4mtlicher Genres. Mitten in der Gothaer Altstadt bietet das eindrucksvolle Ambiente von Schloss Friedenstein die ideale Kulisse, um Kunst, Kultur und Unterhaltung in lockerer Atmosph\u00e4re und unter freiem Himmel genie\u00dfen zu k\u00f6nnen.<\/p>\n\n\n\n<p>Seit 2022 b\u00fcndelt die Th\u00fcringen Philharmonie Gotha-Eisenach ihre sommerlichen OpenAir-Konzerte im &#8222;FRIEDENSTEIN OPEN AIR&#8220; und hat dieses Festival inzwischen um die Bereiche OpenAir-Kino und Comedy erweitert. Das Programm ist dabei \u00e4u\u00dferst vielseitig: Da treffen die Pop-meets-Classic-Konzerte &#8222;Philharmonie unplugged&#8220; mit Live-Band, Streichorchester und Kinderchor, die 2023 bereits das dritte Mal in Folge stattfanden und den Schlosshof in eine OpenAir-Party-Location verwandeln, auf Klassik-Konzerte mit gro\u00dfem Sinfonieorchester. Auch kleine Formationen wie die &#8222;Jazz Sensations&#8220;, die Klassik und Jazz verbinden, oder Familienkonzerte wie &#8222;Der gestiefelte Kater&#8220; oder &#8222;Die Bremer Stadtmusikanten&#8220;, die f\u00fcr strahlende Kinderaugen und -ohren sorgen, finden Platz im Programm.<br>Weitere Highlights sind die allj\u00e4hrliche Operngala, bei der ein Hauch von Opernball durch den Hof von Schloss Friedenstein weht, sowie 2023 die Premiere einer Openauff\u00fchrung (Mozarts &#8222;Zauberfl\u00f6te&#8220;). Publikumsmagneten sind dar\u00fcber hinaus die Tribute-Konzerte mit Band und Orchester (2022 &#8222;QUEEN Classical&#8220;, 2023 &#8222;ABBA Tribute Symphonic Night&#8220;) und die Filmmusik-Reihe &#8222;Sounds of Hollywood&#8220;.<br>Und schlie\u00dflich ist es der Th\u00fcringen Philharmonie Gotha-Eisenach eine besondere Freude, das Konzertformat &#8222;Th\u00fcringen Philharmonie trifft &#8230;&#8220; zu spielen, bei der ihr Sinfonieorchester auf Gr\u00f6\u00dfen der Pop- und Rockmusik trifft. 2022 war <a rel=\"noreferrer noopener\" aria-label=\"Tim Bendzko (\u00f6ffnet in neuem Tab)\" href=\"https:\/\/www.timbendzko.de\/\" target=\"_blank\">Tim Bendzko<\/a> Premierengast, 2023 gab es direkt zwei solcher Konzerte: Der belgische Popstar <a rel=\"noreferrer noopener\" href=\"https:\/\/www.milow.com\" target=\"_blank\">Milow<\/a> und der S\u00e4nger und Schauspieler <a rel=\"noreferrer noopener\" href=\"https:\/\/www.facebook.com\/janjosefliefers\" target=\"_blank\">Jan Josef Liefers<\/a> mit seiner Band <a rel=\"noreferrer noopener\" href=\"https:\/\/www.radio-doria.de\/\" target=\"_blank\">Radio Doria<\/a> waren in Gotha zu Gast. Die Songs der K\u00fcnstler werden stets extra f\u00fcr die Konzerte in dieser besonderen Besetzung arrangiert.<\/p>\n\n\n\n<figure class=\"wp-block-image size-large\"><img decoding=\"async\" loading=\"lazy\" width=\"960\" height=\"640\" src=\"http:\/\/thomashahnentertainment.de\/wp-content\/uploads\/2022\/10\/FriedensteinOpenAir02.jpg\" alt=\"\" class=\"wp-image-178\" srcset=\"http:\/\/thomashahnentertainment.de\/wp-content\/uploads\/2022\/10\/FriedensteinOpenAir02.jpg 960w, http:\/\/thomashahnentertainment.de\/wp-content\/uploads\/2022\/10\/FriedensteinOpenAir02-300x200.jpg 300w, http:\/\/thomashahnentertainment.de\/wp-content\/uploads\/2022\/10\/FriedensteinOpenAir02-768x512.jpg 768w\" sizes=\"(max-width: 960px) 100vw, 960px\" \/><figcaption class=\"wp-element-caption\">&#8222;Th\u00fcringen Philharmonie trifft &#8230; TIM BENDZKO&#8220; am 17.07.2022 in Gotha.<br><em>(Bild: Th\u00fcringen Philharmonie Gotha-Eisenach)<\/em><\/figcaption><\/figure>\n\n\n\n<p><br>Die <a rel=\"noreferrer noopener\" aria-label=\"Th\u00fcringen Philharmonie Gotha-Eisenach (\u00f6ffnet in neuem Tab)\" href=\"https:\/\/www.thphil.de\/\" target=\"_blank\">Th\u00fcringen Philharmonie Gotha-Eisenach<\/a> realisiert das \u201dFRIEDENSTEIN OPEN AIR&#8220; in Kooperation mit der Stiftung Schloss Friedenstein und der KulTourStadt Gotha GmbH, mit freundlicher Unterst\u00fctzung der Stiftung Th\u00fcringer Schl\u00f6sser und G\u00e4rten.<\/p>\n","protected":false},"excerpt":{"rendered":"<p>Beim &#8222;FRIEDENSTEIN OPEN AIR&#8220; in Gotha unterst\u00fctze ich die Veranstalter vor Ort bei der Akquise von K\u00fcnstler:innen f\u00fcr diverse Veranstaltungsformate (mit Schwerpunkt im Bereich Rock\/Pop und Comedy) und bei der Organisation und Durchf\u00fchrung des mehrw\u00f6chigen OpenAir-Festivals. Eine gro\u00dfartige Aufgabe, eine<\/p>\n","protected":false},"author":1,"featured_media":0,"parent":0,"menu_order":0,"comment_status":"closed","ping_status":"closed","template":"","meta":[],"_links":{"self":[{"href":"http:\/\/thomashahnentertainment.de\/index.php?rest_route=\/wp\/v2\/pages\/156"}],"collection":[{"href":"http:\/\/thomashahnentertainment.de\/index.php?rest_route=\/wp\/v2\/pages"}],"about":[{"href":"http:\/\/thomashahnentertainment.de\/index.php?rest_route=\/wp\/v2\/types\/page"}],"author":[{"embeddable":true,"href":"http:\/\/thomashahnentertainment.de\/index.php?rest_route=\/wp\/v2\/users\/1"}],"replies":[{"embeddable":true,"href":"http:\/\/thomashahnentertainment.de\/index.php?rest_route=%2Fwp%2Fv2%2Fcomments&post=156"}],"version-history":[{"count":10,"href":"http:\/\/thomashahnentertainment.de\/index.php?rest_route=\/wp\/v2\/pages\/156\/revisions"}],"predecessor-version":[{"id":201,"href":"http:\/\/thomashahnentertainment.de\/index.php?rest_route=\/wp\/v2\/pages\/156\/revisions\/201"}],"wp:attachment":[{"href":"http:\/\/thomashahnentertainment.de\/index.php?rest_route=%2Fwp%2Fv2%2Fmedia&parent=156"}],"curies":[{"name":"wp","href":"https:\/\/api.w.org\/{rel}","templated":true}]}}