{"id":11,"date":"2020-02-03T23:35:03","date_gmt":"2020-02-03T23:35:03","guid":{"rendered":"http:\/\/thomashahnentertainment.de\/?page_id=11"},"modified":"2020-03-08T08:04:29","modified_gmt":"2020-03-08T08:04:29","slug":"its-all-pink-2","status":"publish","type":"page","link":"http:\/\/thomashahnentertainment.de\/?page_id=11","title":{"rendered":"IT&#8217;S ALL PINK"},"content":{"rendered":"\n<p class=\"has-medium-font-size\">The Original PiNK Tribute Show<\/p>\n\n\n\n<iframe loading=\"lazy\" width=\"729\" height=\"410\" src=\"https:\/\/www.youtube-nocookie.com\/embed\/cymtMJeIlz4\" frameborder=\"0\" allow=\"accelerometer; autoplay; encrypted-media; gyroscope; picture-in-picture\" allowfullscreen=\"\"><\/iframe><\/br>\n\n\n\n<p><\/p>\n\n\n\n<p>So nah am Original wie m\u00f6glich und dann noch ein bisschen mehr. Das ist die Philosophie von &#8222;IT&#8217;S ALL PINK&#8220;.<\/p>\n\n\n\n<p><\/p>\n\n\n\n<p>S\u00e4ngerin Vanessa Henning  beweist mit ihrer au\u00dfergew\u00f6hnlichen Stimmqualit\u00e4t, Ausstrahlung und  B\u00fchnenpr\u00e4senz, dass sie dem Original in nichts nachsteht und begeisterte  seit 2010 als Frontfrau bei Europe\u00b4s Best Pink Tribute Show \u201eJUST PiNK\u201c  das Publikum. W\u00e4hrend dieser Zeit stand sie auch schon mit einigen  Musikern aus P!NK\u2019s Live-Band auf der B\u00fchne. Nach der Aufl\u00f6sung der Band  2017 war f\u00fcr Vanessa klar: es muss mit P!NK weiter gehen und so  entstand eine neue Show und sie gr\u00fcndete \u201eIT\u2019S ALL PiNK\u201c<\/p>\n\n\n\n<p><strong>\u200bIT\u2019S ALL PINK \u2013 eine einmalige Show, die begeistert und alle P!NK-Fans und die, die es noch werden wollen, mitrei\u00dfen wird!<\/strong><\/p>\n\n\n\n<p><strong>It\u2019s gonna be fun!<\/strong><\/p>\n\n\n\n<p>\u200b<\/p>\n\n\n\n<p><a href=\"https:\/\/www.itsallpinktribute.com\" target=\"_blank\" rel=\"noreferrer noopener\" aria-label=\"www.itsallpinktribute.com (\u00f6ffnet in neuem Tab)\">www.itsallpinktribute.com<\/a><\/p>\n\n\n\n<p>\u200b<\/p>\n\n\n\n<p><\/p>\n","protected":false},"excerpt":{"rendered":"<p>The Original PiNK Tribute Show So nah am Original wie m\u00f6glich und dann noch ein bisschen mehr. Das ist die Philosophie von &#8222;IT&#8217;S ALL PINK&#8220;. S\u00e4ngerin Vanessa Henning beweist mit ihrer au\u00dfergew\u00f6hnlichen Stimmqualit\u00e4t, Ausstrahlung und B\u00fchnenpr\u00e4senz, dass sie dem Original<\/p>\n","protected":false},"author":1,"featured_media":0,"parent":25,"menu_order":0,"comment_status":"closed","ping_status":"closed","template":"","meta":[],"_links":{"self":[{"href":"http:\/\/thomashahnentertainment.de\/index.php?rest_route=\/wp\/v2\/pages\/11"}],"collection":[{"href":"http:\/\/thomashahnentertainment.de\/index.php?rest_route=\/wp\/v2\/pages"}],"about":[{"href":"http:\/\/thomashahnentertainment.de\/index.php?rest_route=\/wp\/v2\/types\/page"}],"author":[{"embeddable":true,"href":"http:\/\/thomashahnentertainment.de\/index.php?rest_route=\/wp\/v2\/users\/1"}],"replies":[{"embeddable":true,"href":"http:\/\/thomashahnentertainment.de\/index.php?rest_route=%2Fwp%2Fv2%2Fcomments&post=11"}],"version-history":[{"count":17,"href":"http:\/\/thomashahnentertainment.de\/index.php?rest_route=\/wp\/v2\/pages\/11\/revisions"}],"predecessor-version":[{"id":151,"href":"http:\/\/thomashahnentertainment.de\/index.php?rest_route=\/wp\/v2\/pages\/11\/revisions\/151"}],"up":[{"embeddable":true,"href":"http:\/\/thomashahnentertainment.de\/index.php?rest_route=\/wp\/v2\/pages\/25"}],"wp:attachment":[{"href":"http:\/\/thomashahnentertainment.de\/index.php?rest_route=%2Fwp%2Fv2%2Fmedia&parent=11"}],"curies":[{"name":"wp","href":"https:\/\/api.w.org\/{rel}","templated":true}]}}